{"id":2,"date":"2016-05-10T03:48:21","date_gmt":"2016-05-10T01:48:21","guid":{"rendered":"http:\/\/wp452m.a10-52-158-154.qa.plesk.ru\/wordpress\/?page_id=2"},"modified":"2019-03-20T18:37:31","modified_gmt":"2019-03-20T17:37:31","slug":"sample-page","status":"publish","type":"page","link":"http:\/\/www.klausenberg.com\/staging\/?page_id=2","title":{"rendered":"Zucht"},"content":{"rendered":"\n<figure class=\"wp-block-image\"><img loading=\"lazy\" decoding=\"async\" width=\"1024\" height=\"692\" src=\"http:\/\/www.klausenberg.com\/staging\/wp-content\/uploads\/2019\/03\/Bild-27-1024x692.jpg\" alt=\"\" class=\"wp-image-144\" srcset=\"http:\/\/www.klausenberg.com\/staging\/wp-content\/uploads\/2019\/03\/Bild-27-1024x692.jpg 1024w, http:\/\/www.klausenberg.com\/staging\/wp-content\/uploads\/2019\/03\/Bild-27-300x203.jpg 300w, http:\/\/www.klausenberg.com\/staging\/wp-content\/uploads\/2019\/03\/Bild-27-768x519.jpg 768w, http:\/\/www.klausenberg.com\/staging\/wp-content\/uploads\/2019\/03\/Bild-27-444x300.jpg 444w\" sizes=\"(max-width: 1024px) 100vw, 1024px\" \/><\/figure>\n\n\n\n<p>Schon fr\u00fch galt unser Interesse, neben der Freizeitgestaltung und dem Sportreiten, auch der \u201eIslandpferdezucht\u201c.<\/p>\n\n\n\n<p>1981 traten wir als Z\u00fcchter dem\nRheinischen Pferdestammbuch bei.<\/p>\n\n\n\n<p>Seit 1991 tr\u00e4gt unsere Zuchtst\u00e4tte den Namen \u201e<strong>vom<\/strong> <strong>Klausenberg<\/strong>\u201c.<\/p>\n\n\n\n<p>Engagiert und mit viel Freude sind\nwir all die Jahre z\u00fcchterisch t\u00e4tig und immer wieder nehmen Pferde aus unserer\nZucht erfolgreich an Zuchtpr\u00fcfungen teil.<\/p>\n","protected":false},"excerpt":{"rendered":"<p>Schon fr\u00fch galt unser Interesse, neben der Freizeitgestaltung und dem Sportreiten, auch der \u201eIslandpferdezucht\u201c. 1981 traten wir als Z\u00fcchter dem Rheinischen Pferdestammbuch bei. Seit 1991 tr\u00e4gt unsere Zuchtst\u00e4tte den Namen \u201evom Klausenberg\u201c. Engagiert und mit viel Freude sind wir all &hellip; <a href=\"http:\/\/www.klausenberg.com\/staging\/?page_id=2\">Weiterlesen <span class=\"meta-nav\">&rarr;<\/span><\/a><\/p>\n","protected":false},"author":1,"featured_media":0,"parent":0,"menu_order":3,"comment_status":"closed","ping_status":"closed","template":"","meta":{"footnotes":""},"class_list":["post-2","page","type-page","status-publish","hentry"],"_links":{"self":[{"href":"http:\/\/www.klausenberg.com\/staging\/index.php?rest_route=\/wp\/v2\/pages\/2"}],"collection":[{"href":"http:\/\/www.klausenberg.com\/staging\/index.php?rest_route=\/wp\/v2\/pages"}],"about":[{"href":"http:\/\/www.klausenberg.com\/staging\/index.php?rest_route=\/wp\/v2\/types\/page"}],"author":[{"embeddable":true,"href":"http:\/\/www.klausenberg.com\/staging\/index.php?rest_route=\/wp\/v2\/users\/1"}],"replies":[{"embeddable":true,"href":"http:\/\/www.klausenberg.com\/staging\/index.php?rest_route=%2Fwp%2Fv2%2Fcomments&post=2"}],"version-history":[{"count":32,"href":"http:\/\/www.klausenberg.com\/staging\/index.php?rest_route=\/wp\/v2\/pages\/2\/revisions"}],"predecessor-version":[{"id":191,"href":"http:\/\/www.klausenberg.com\/staging\/index.php?rest_route=\/wp\/v2\/pages\/2\/revisions\/191"}],"wp:attachment":[{"href":"http:\/\/www.klausenberg.com\/staging\/index.php?rest_route=%2Fwp%2Fv2%2Fmedia&parent=2"}],"curies":[{"name":"wp","href":"https:\/\/api.w.org\/{rel}","templated":true}]}}