{"id":28,"date":"2016-08-28T23:37:51","date_gmt":"2016-08-28T21:37:51","guid":{"rendered":"http:\/\/www.klausenberg.com\/staging\/?page_id=28"},"modified":"2019-03-24T18:54:34","modified_gmt":"2019-03-24T17:54:34","slug":"impressum","status":"publish","type":"page","link":"http:\/\/www.klausenberg.com\/staging\/?page_id=28","title":{"rendered":"Impressum"},"content":{"rendered":"<p>Verantwortlich f\u00fcr den Inhalt:<br \/>\nGest\u00fct Klausenberg<br \/>\nHeinz und Liesel Pinsdorf<br \/>\nOberdorf 22<br \/>\n53347 Alfter-Impekoven<br \/>\nTel.: 0228 \/ 642943<br \/>\npinsdorf@klausenberg.com<\/p>\n<h2>Urheberrechtshinweise<\/h2>\n<p>Alle Texte, Grafiken, Bilder, sowie Layout dieser Seiten unterliegen dem deutschen Urheberrecht. Verwendung, Reproduktion oder Weitergabe einzelner Inhalte oder kompletter Seiten bedarf der schriftlichen Zustimmung des Gest\u00fct Klausenberg.<br \/>\nCopyright (c) 2004 &#8211; 2019 Gest\u00fct Klausenberg.<br \/>\nAlle Rechte vorbehalten.<\/p>\n<h2>Haftungshinweise<\/h2>\n<p>Trotz sorgf\u00e4ltiger inhaltlicher Kontrolle \u00fcbernehmen wir keine Haftung f\u00fcr die Inhalte externer Links. F\u00fcr den Inhalt der verlinkten Seiten sind ausschlie\u00dflich deren Betreiber verantwortlich.<br \/>\nF\u00fcr Sch\u00e4den, die durch die Benutzung der Seiten an Hardware oder Software entstehen, \u00fcbernehmen wir keine Haftung. Insbesondere garantieren wir nicht f\u00fcr die Freiheit von Viren. Es liegt in der Eigenverantwortlichkeit der Nutzer, Dateien (insbesondere solche, die Makros ausf\u00fchren) vor der Benutzung auf Viren zu \u00fcberpr\u00fcfen.<\/p>\n","protected":false},"excerpt":{"rendered":"<p>Verantwortlich f\u00fcr den Inhalt: Gest\u00fct Klausenberg Heinz und Liesel Pinsdorf Oberdorf 22 53347 Alfter-Impekoven Tel.: 0228 \/ 642943 pinsdorf@klausenberg.com Urheberrechtshinweise Alle Texte, Grafiken, Bilder, sowie Layout dieser Seiten unterliegen dem deutschen Urheberrecht. Verwendung, Reproduktion oder Weitergabe einzelner Inhalte oder kompletter &hellip; <a href=\"http:\/\/www.klausenberg.com\/staging\/?page_id=28\">Weiterlesen <span class=\"meta-nav\">&rarr;<\/span><\/a><\/p>\n","protected":false},"author":1,"featured_media":0,"parent":0,"menu_order":8,"comment_status":"closed","ping_status":"closed","template":"","meta":{"footnotes":""},"class_list":["post-28","page","type-page","status-publish","hentry"],"_links":{"self":[{"href":"http:\/\/www.klausenberg.com\/staging\/index.php?rest_route=\/wp\/v2\/pages\/28"}],"collection":[{"href":"http:\/\/www.klausenberg.com\/staging\/index.php?rest_route=\/wp\/v2\/pages"}],"about":[{"href":"http:\/\/www.klausenberg.com\/staging\/index.php?rest_route=\/wp\/v2\/types\/page"}],"author":[{"embeddable":true,"href":"http:\/\/www.klausenberg.com\/staging\/index.php?rest_route=\/wp\/v2\/users\/1"}],"replies":[{"embeddable":true,"href":"http:\/\/www.klausenberg.com\/staging\/index.php?rest_route=%2Fwp%2Fv2%2Fcomments&post=28"}],"version-history":[{"count":5,"href":"http:\/\/www.klausenberg.com\/staging\/index.php?rest_route=\/wp\/v2\/pages\/28\/revisions"}],"predecessor-version":[{"id":203,"href":"http:\/\/www.klausenberg.com\/staging\/index.php?rest_route=\/wp\/v2\/pages\/28\/revisions\/203"}],"wp:attachment":[{"href":"http:\/\/www.klausenberg.com\/staging\/index.php?rest_route=%2Fwp%2Fv2%2Fmedia&parent=28"}],"curies":[{"name":"wp","href":"https:\/\/api.w.org\/{rel}","templated":true}]}}