{"id":359,"date":"2021-05-05T13:53:37","date_gmt":"2021-05-05T11:53:37","guid":{"rendered":"http:\/\/www.klausenberg.com\/staging\/?page_id=359"},"modified":"2021-05-05T13:53:37","modified_gmt":"2021-05-05T11:53:37","slug":"hinrik-4-jaehrig","status":"publish","type":"page","link":"http:\/\/www.klausenberg.com\/staging\/?page_id=359","title":{"rendered":"H\u00ednrik, 4-j\u00e4hrig"},"content":{"rendered":"<p>Da es aufgrund von Corona wenig Turniere, Materialpr\u00fcfungen und dergleichen gibt, m\u00f6chten wir trotzdem ab und zu aktuelle Bilder unserer Nachzuchten aus vorherigen Jahrg\u00e4ngen zeigen. Hier seht ihr H\u00ednrik vom Klausenberg, geb. 2017. Er wird aktuell angearbeitet und zeigt sich dabei sehr fein und aufmerksam, mit sch\u00f6ner Energie und viel Lernwille. Er geht bereits ohne Probleme als Handpferd mit ins Gel\u00e4nde, l\u00e4sst sich beschlagen, kennt den Longierzirkel sowie Stimmkommandos. Dabei ist er dem Menschen gegen\u00fcber stets freundlich und bem\u00fcht, das Geforderte richtig umzusetzen.<\/p>\n<p><img loading=\"lazy\" decoding=\"async\" class=\"alignnone size-medium wp-image-355\" src=\"http:\/\/www.klausenberg.com\/staging\/wp-content\/uploads\/2021\/05\/IMG-20210504-WA0014-225x300.jpg\" alt=\"\" width=\"225\" height=\"300\" srcset=\"http:\/\/www.klausenberg.com\/staging\/wp-content\/uploads\/2021\/05\/IMG-20210504-WA0014-225x300.jpg 225w, http:\/\/www.klausenberg.com\/staging\/wp-content\/uploads\/2021\/05\/IMG-20210504-WA0014-768x1024.jpg 768w, http:\/\/www.klausenberg.com\/staging\/wp-content\/uploads\/2021\/05\/IMG-20210504-WA0014.jpg 1200w\" sizes=\"(max-width: 225px) 100vw, 225px\" \/><\/p>\n<p><img loading=\"lazy\" decoding=\"async\" class=\"alignnone size-medium wp-image-347\" src=\"http:\/\/www.klausenberg.com\/staging\/wp-content\/uploads\/2021\/05\/IMG-20210504-WA0016-300x225.jpg\" alt=\"\" width=\"300\" height=\"225\" srcset=\"http:\/\/www.klausenberg.com\/staging\/wp-content\/uploads\/2021\/05\/IMG-20210504-WA0016-300x225.jpg 300w, http:\/\/www.klausenberg.com\/staging\/wp-content\/uploads\/2021\/05\/IMG-20210504-WA0016-768x576.jpg 768w, http:\/\/www.klausenberg.com\/staging\/wp-content\/uploads\/2021\/05\/IMG-20210504-WA0016-1024x768.jpg 1024w, http:\/\/www.klausenberg.com\/staging\/wp-content\/uploads\/2021\/05\/IMG-20210504-WA0016-400x300.jpg 400w, http:\/\/www.klausenberg.com\/staging\/wp-content\/uploads\/2021\/05\/IMG-20210504-WA0016.jpg 1600w\" sizes=\"(max-width: 300px) 100vw, 300px\" \/><\/p>\n<p><img loading=\"lazy\" decoding=\"async\" class=\"alignnone size-medium wp-image-353\" src=\"http:\/\/www.klausenberg.com\/staging\/wp-content\/uploads\/2021\/05\/IMG-20210504-WA0012-300x225.jpg\" alt=\"\" width=\"300\" height=\"225\" srcset=\"http:\/\/www.klausenberg.com\/staging\/wp-content\/uploads\/2021\/05\/IMG-20210504-WA0012-300x225.jpg 300w, http:\/\/www.klausenberg.com\/staging\/wp-content\/uploads\/2021\/05\/IMG-20210504-WA0012-768x576.jpg 768w, http:\/\/www.klausenberg.com\/staging\/wp-content\/uploads\/2021\/05\/IMG-20210504-WA0012-1024x768.jpg 1024w, http:\/\/www.klausenberg.com\/staging\/wp-content\/uploads\/2021\/05\/IMG-20210504-WA0012-400x300.jpg 400w, http:\/\/www.klausenberg.com\/staging\/wp-content\/uploads\/2021\/05\/IMG-20210504-WA0012.jpg 1600w\" sizes=\"(max-width: 300px) 100vw, 300px\" \/><\/p>\n","protected":false},"excerpt":{"rendered":"<p>Da es aufgrund von Corona wenig Turniere, Materialpr\u00fcfungen und dergleichen gibt, m\u00f6chten wir trotzdem ab und zu aktuelle Bilder unserer Nachzuchten aus vorherigen Jahrg\u00e4ngen zeigen. Hier seht ihr H\u00ednrik vom Klausenberg, geb. 2017. Er wird aktuell angearbeitet und zeigt sich &hellip; <a href=\"http:\/\/www.klausenberg.com\/staging\/?page_id=359\">Weiterlesen <span class=\"meta-nav\">&rarr;<\/span><\/a><\/p>\n","protected":false},"author":3,"featured_media":0,"parent":335,"menu_order":0,"comment_status":"closed","ping_status":"closed","template":"","meta":{"footnotes":""},"class_list":["post-359","page","type-page","status-publish","hentry"],"_links":{"self":[{"href":"http:\/\/www.klausenberg.com\/staging\/index.php?rest_route=\/wp\/v2\/pages\/359"}],"collection":[{"href":"http:\/\/www.klausenberg.com\/staging\/index.php?rest_route=\/wp\/v2\/pages"}],"about":[{"href":"http:\/\/www.klausenberg.com\/staging\/index.php?rest_route=\/wp\/v2\/types\/page"}],"author":[{"embeddable":true,"href":"http:\/\/www.klausenberg.com\/staging\/index.php?rest_route=\/wp\/v2\/users\/3"}],"replies":[{"embeddable":true,"href":"http:\/\/www.klausenberg.com\/staging\/index.php?rest_route=%2Fwp%2Fv2%2Fcomments&post=359"}],"version-history":[{"count":1,"href":"http:\/\/www.klausenberg.com\/staging\/index.php?rest_route=\/wp\/v2\/pages\/359\/revisions"}],"predecessor-version":[{"id":360,"href":"http:\/\/www.klausenberg.com\/staging\/index.php?rest_route=\/wp\/v2\/pages\/359\/revisions\/360"}],"up":[{"embeddable":true,"href":"http:\/\/www.klausenberg.com\/staging\/index.php?rest_route=\/wp\/v2\/pages\/335"}],"wp:attachment":[{"href":"http:\/\/www.klausenberg.com\/staging\/index.php?rest_route=%2Fwp%2Fv2%2Fmedia&parent=359"}],"curies":[{"name":"wp","href":"https:\/\/api.w.org\/{rel}","templated":true}]}}