{"id":402,"date":"2021-10-29T18:58:07","date_gmt":"2021-10-29T16:58:07","guid":{"rendered":"http:\/\/www.klausenberg.com\/staging\/?page_id=402"},"modified":"2021-10-29T18:58:07","modified_gmt":"2021-10-29T16:58:07","slug":"fohlen-feif-in-buschhoven","status":"publish","type":"page","link":"http:\/\/www.klausenberg.com\/staging\/?page_id=402","title":{"rendered":"Fohlen FEIF in Buschhoven"},"content":{"rendered":"<p>Am 03.10.2021 fand die diesj\u00e4hrige Fohlen FEIF in unserem Heimatverein RSVK in Buschhoven im Rahmen der Rheinischen Fohlenreise statt. Bei st\u00fcrmischen aber trockenen 16 Grad richtete Frau Barbara Frische erst neun Hengstfohlen und im Anschluss noch einmal neun Stutfohlen.<\/p>\n<p>Dabei konnte Glenna von Klausenberg mit ihrer sprudelnden Energie, einer tollen Gangverteilung und gutem Exterieur \u00fcberzeugen und den dritten Platz der Stutfohlen mit einer Note von 8,03 belegen.<\/p>\n<p><img loading=\"lazy\" decoding=\"async\" class=\"alignnone size-medium wp-image-404\" src=\"http:\/\/www.klausenberg.com\/staging\/wp-content\/uploads\/2021\/10\/20210517_142145-300x208.jpg\" alt=\"\" width=\"300\" height=\"208\" srcset=\"http:\/\/www.klausenberg.com\/staging\/wp-content\/uploads\/2021\/10\/20210517_142145-300x208.jpg 300w, http:\/\/www.klausenberg.com\/staging\/wp-content\/uploads\/2021\/10\/20210517_142145-768x532.jpg 768w, http:\/\/www.klausenberg.com\/staging\/wp-content\/uploads\/2021\/10\/20210517_142145-1024x709.jpg 1024w, http:\/\/www.klausenberg.com\/staging\/wp-content\/uploads\/2021\/10\/20210517_142145-433x300.jpg 433w\" sizes=\"(max-width: 300px) 100vw, 300px\" \/><\/p>\n<p>Auch Vald\u00eds hat durch ihre weiten G\u00e4nge, ihr imposantes Exterieur und mit viel positiver Energie bestochen und konnte sich mit einer Endnote von 8,11 den zweiten Platz unter den Stutfohlen sichern.<\/p>\n<p><img loading=\"lazy\" decoding=\"async\" class=\"alignnone size-medium wp-image-403\" src=\"http:\/\/www.klausenberg.com\/staging\/wp-content\/uploads\/2021\/10\/IMG-20211004-WA0007-229x300.jpg\" alt=\"\" width=\"229\" height=\"300\" srcset=\"http:\/\/www.klausenberg.com\/staging\/wp-content\/uploads\/2021\/10\/IMG-20211004-WA0007-229x300.jpg 229w, http:\/\/www.klausenberg.com\/staging\/wp-content\/uploads\/2021\/10\/IMG-20211004-WA0007.jpg 588w\" sizes=\"(max-width: 229px) 100vw, 229px\" \/> <img loading=\"lazy\" decoding=\"async\" class=\"alignnone size-medium wp-image-405\" src=\"http:\/\/www.klausenberg.com\/staging\/wp-content\/uploads\/2021\/10\/20211004_0931121-300x225.jpg\" alt=\"\" width=\"300\" height=\"225\" srcset=\"http:\/\/www.klausenberg.com\/staging\/wp-content\/uploads\/2021\/10\/20211004_0931121-300x225.jpg 300w, http:\/\/www.klausenberg.com\/staging\/wp-content\/uploads\/2021\/10\/20211004_0931121-768x576.jpg 768w, http:\/\/www.klausenberg.com\/staging\/wp-content\/uploads\/2021\/10\/20211004_0931121-1024x768.jpg 1024w, http:\/\/www.klausenberg.com\/staging\/wp-content\/uploads\/2021\/10\/20211004_0931121-400x300.jpg 400w\" sizes=\"(max-width: 300px) 100vw, 300px\" \/><\/p>\n<p>Besonders gefreut haben wir uns au\u00dferdem \u00fcber Alda vom Hanfbachtal im Besitz von Ursula Haese, die mit unglaublicher Energie, toller Gangverteilung und einem sehr feinen Exterieur den ersten Platz mit einer Gesamtnote von 8,19 belegen konnte, da dieses Fohlen aus unserem Hengst \u00c1s fr\u00e1 V\u00edsindahofi stammt.<\/p>\n","protected":false},"excerpt":{"rendered":"<p>Am 03.10.2021 fand die diesj\u00e4hrige Fohlen FEIF in unserem Heimatverein RSVK in Buschhoven im Rahmen der Rheinischen Fohlenreise statt. Bei st\u00fcrmischen aber trockenen 16 Grad richtete Frau Barbara Frische erst neun Hengstfohlen und im Anschluss noch einmal neun Stutfohlen. Dabei &hellip; <a href=\"http:\/\/www.klausenberg.com\/staging\/?page_id=402\">Weiterlesen <span class=\"meta-nav\">&rarr;<\/span><\/a><\/p>\n","protected":false},"author":3,"featured_media":0,"parent":335,"menu_order":0,"comment_status":"closed","ping_status":"closed","template":"","meta":{"footnotes":""},"class_list":["post-402","page","type-page","status-publish","hentry"],"_links":{"self":[{"href":"http:\/\/www.klausenberg.com\/staging\/index.php?rest_route=\/wp\/v2\/pages\/402"}],"collection":[{"href":"http:\/\/www.klausenberg.com\/staging\/index.php?rest_route=\/wp\/v2\/pages"}],"about":[{"href":"http:\/\/www.klausenberg.com\/staging\/index.php?rest_route=\/wp\/v2\/types\/page"}],"author":[{"embeddable":true,"href":"http:\/\/www.klausenberg.com\/staging\/index.php?rest_route=\/wp\/v2\/users\/3"}],"replies":[{"embeddable":true,"href":"http:\/\/www.klausenberg.com\/staging\/index.php?rest_route=%2Fwp%2Fv2%2Fcomments&post=402"}],"version-history":[{"count":1,"href":"http:\/\/www.klausenberg.com\/staging\/index.php?rest_route=\/wp\/v2\/pages\/402\/revisions"}],"predecessor-version":[{"id":406,"href":"http:\/\/www.klausenberg.com\/staging\/index.php?rest_route=\/wp\/v2\/pages\/402\/revisions\/406"}],"up":[{"embeddable":true,"href":"http:\/\/www.klausenberg.com\/staging\/index.php?rest_route=\/wp\/v2\/pages\/335"}],"wp:attachment":[{"href":"http:\/\/www.klausenberg.com\/staging\/index.php?rest_route=%2Fwp%2Fv2%2Fmedia&parent=402"}],"curies":[{"name":"wp","href":"https:\/\/api.w.org\/{rel}","templated":true}]}}