{"id":412,"date":"2025-03-03T19:48:12","date_gmt":"2025-03-03T18:48:12","guid":{"rendered":"https:\/\/www.klausenberg.com\/staging\/?page_id=412"},"modified":"2025-03-03T19:48:12","modified_gmt":"2025-03-03T18:48:12","slug":"decksaison-2025","status":"publish","type":"page","link":"http:\/\/www.klausenberg.com\/staging\/?page_id=412","title":{"rendered":"Decksaison 2025"},"content":{"rendered":"<h1 style=\"text-align: center;\"><strong>\u00c1s deckt 2025 auf dem Gest\u00fct Roderath<\/strong><\/h1>\n<p style=\"text-align: center;\">\u00a0 \u00a0 \u00a0 \u00a0 \u00a0<img loading=\"lazy\" decoding=\"async\" class=\"size-medium wp-image-413\" src=\"http:\/\/www.klausenberg.com\/staging\/wp-content\/uploads\/2025\/03\/A3_00065_krijnde-300x200.jpg\" alt=\"\" width=\"300\" height=\"200\" srcset=\"http:\/\/www.klausenberg.com\/staging\/wp-content\/uploads\/2025\/03\/A3_00065_krijnde-300x200.jpg 300w, http:\/\/www.klausenberg.com\/staging\/wp-content\/uploads\/2025\/03\/A3_00065_krijnde-1024x682.jpg 1024w, http:\/\/www.klausenberg.com\/staging\/wp-content\/uploads\/2025\/03\/A3_00065_krijnde-768x512.jpg 768w, http:\/\/www.klausenberg.com\/staging\/wp-content\/uploads\/2025\/03\/A3_00065_krijnde-1536x1023.jpg 1536w, http:\/\/www.klausenberg.com\/staging\/wp-content\/uploads\/2025\/03\/A3_00065_krijnde-450x300.jpg 450w, http:\/\/www.klausenberg.com\/staging\/wp-content\/uploads\/2025\/03\/A3_00065_krijnde.jpg 2048w\" sizes=\"(max-width: 300px) 100vw, 300px\" \/><\/p>\n<p>\u00c1s fr\u00e1 Vis\u00edndahofi wird ab Ende Mai\/ Anfang Juni bis Mitte\/ Ende September 2025 auf dem Gest\u00fct Roderath in der Herde decken.<\/p>\n<p>F\u00fcr uns ist dieser Hengst ein einmaliges Pferd, ein treuer Partner und guter Freund. Er besticht durch f\u00fcnf gleichm\u00e4\u00dfig gute G\u00e4nge, wobei uns vor allem sein immer flie\u00dfender, lockerer und durchweg taktklarer T\u00f6lt begeistert. Diesen hat er bisher an alle Nachkommen vererbt. Uns ist kein \u00c1s-Kind bekannt, was Probleme mit falscher oder zu hoher Spannung hat. Zus\u00e4tzlich vererbt er seinen klaren Kopf und seine kooperative Art. Seine Nachkommen zeichnen sich durch Aufmerksamkeit gegen\u00fcber dem Menschen, viel Lernwille und Kooperation aus. Diese Charaktereigenschaften gepaart mit seiner Gangverteilung und dem extrem stimmigen Geb\u00e4ude sind f\u00fcr uns gute Gr\u00fcnde, ihn auch in unserer Zucht weiterhin einzusetzen.<\/p>\n<p>Wer Interesse an einem Decksprung hat, kann sich gerne an Michael M\u00fcller vom Gest\u00fct Roderath wenden: mmroderath@t-online.de oder 01784843410<\/p>\n<p>Die Decktaxe betr\u00e4gt 1100 Euro. Die Vertragsbedingungen und die Anmeldung k\u00f6nnen \u00fcber die Homepage des Gest\u00fct Roderath aufgerufen werden.<\/p>\n<p>Wir freuen uns auf Euch und Eure tollen Stuten!<\/p>\n<p>&nbsp;<\/p>\n<p>&nbsp;<\/p>\n<p><img loading=\"lazy\" decoding=\"async\" class=\"alignnone size-medium wp-image-415\" src=\"http:\/\/www.klausenberg.com\/staging\/wp-content\/uploads\/2025\/03\/A2_04423_krijnde-200x300.jpg\" alt=\"\" width=\"200\" height=\"300\" srcset=\"http:\/\/www.klausenberg.com\/staging\/wp-content\/uploads\/2025\/03\/A2_04423_krijnde-200x300.jpg 200w, http:\/\/www.klausenberg.com\/staging\/wp-content\/uploads\/2025\/03\/A2_04423_krijnde-682x1024.jpg 682w, http:\/\/www.klausenberg.com\/staging\/wp-content\/uploads\/2025\/03\/A2_04423_krijnde-768x1153.jpg 768w, http:\/\/www.klausenberg.com\/staging\/wp-content\/uploads\/2025\/03\/A2_04423_krijnde-1023x1536.jpg 1023w, http:\/\/www.klausenberg.com\/staging\/wp-content\/uploads\/2025\/03\/A2_04423_krijnde.jpg 1364w\" sizes=\"(max-width: 200px) 100vw, 200px\" \/> <img loading=\"lazy\" decoding=\"async\" class=\"alignnone size-medium wp-image-416\" src=\"http:\/\/www.klausenberg.com\/staging\/wp-content\/uploads\/2025\/03\/A2_07422_krijnde-300x200.jpg\" alt=\"\" width=\"300\" height=\"200\" srcset=\"http:\/\/www.klausenberg.com\/staging\/wp-content\/uploads\/2025\/03\/A2_07422_krijnde-300x200.jpg 300w, http:\/\/www.klausenberg.com\/staging\/wp-content\/uploads\/2025\/03\/A2_07422_krijnde-1024x682.jpg 1024w, http:\/\/www.klausenberg.com\/staging\/wp-content\/uploads\/2025\/03\/A2_07422_krijnde-768x512.jpg 768w, http:\/\/www.klausenberg.com\/staging\/wp-content\/uploads\/2025\/03\/A2_07422_krijnde-1536x1023.jpg 1536w, http:\/\/www.klausenberg.com\/staging\/wp-content\/uploads\/2025\/03\/A2_07422_krijnde-450x300.jpg 450w, http:\/\/www.klausenberg.com\/staging\/wp-content\/uploads\/2025\/03\/A2_07422_krijnde.jpg 2048w\" sizes=\"(max-width: 300px) 100vw, 300px\" \/> <img loading=\"lazy\" decoding=\"async\" class=\"size-medium wp-image-417 alignleft\" src=\"http:\/\/www.klausenberg.com\/staging\/wp-content\/uploads\/2025\/03\/A2_07962_krijnde-300x200.jpg\" alt=\"\" width=\"300\" height=\"200\" srcset=\"http:\/\/www.klausenberg.com\/staging\/wp-content\/uploads\/2025\/03\/A2_07962_krijnde-300x200.jpg 300w, http:\/\/www.klausenberg.com\/staging\/wp-content\/uploads\/2025\/03\/A2_07962_krijnde-1024x682.jpg 1024w, http:\/\/www.klausenberg.com\/staging\/wp-content\/uploads\/2025\/03\/A2_07962_krijnde-768x512.jpg 768w, http:\/\/www.klausenberg.com\/staging\/wp-content\/uploads\/2025\/03\/A2_07962_krijnde-1536x1023.jpg 1536w, http:\/\/www.klausenberg.com\/staging\/wp-content\/uploads\/2025\/03\/A2_07962_krijnde-450x300.jpg 450w, http:\/\/www.klausenberg.com\/staging\/wp-content\/uploads\/2025\/03\/A2_07962_krijnde.jpg 2048w\" sizes=\"(max-width: 300px) 100vw, 300px\" \/> \u00a0 <img loading=\"lazy\" decoding=\"async\" class=\"alignnone size-medium wp-image-421\" src=\"http:\/\/www.klausenberg.com\/staging\/wp-content\/uploads\/2025\/03\/A3_07721_krijnde-300x200.jpg\" alt=\"\" width=\"300\" height=\"200\" srcset=\"http:\/\/www.klausenberg.com\/staging\/wp-content\/uploads\/2025\/03\/A3_07721_krijnde-300x200.jpg 300w, http:\/\/www.klausenberg.com\/staging\/wp-content\/uploads\/2025\/03\/A3_07721_krijnde-1024x682.jpg 1024w, http:\/\/www.klausenberg.com\/staging\/wp-content\/uploads\/2025\/03\/A3_07721_krijnde-768x512.jpg 768w, http:\/\/www.klausenberg.com\/staging\/wp-content\/uploads\/2025\/03\/A3_07721_krijnde-1536x1023.jpg 1536w, http:\/\/www.klausenberg.com\/staging\/wp-content\/uploads\/2025\/03\/A3_07721_krijnde-450x300.jpg 450w, http:\/\/www.klausenberg.com\/staging\/wp-content\/uploads\/2025\/03\/A3_07721_krijnde.jpg 2048w\" sizes=\"(max-width: 300px) 100vw, 300px\" \/> <img loading=\"lazy\" decoding=\"async\" class=\"alignnone size-medium wp-image-422\" src=\"http:\/\/www.klausenberg.com\/staging\/wp-content\/uploads\/2025\/03\/A3_08590_krijnde-200x300.jpg\" alt=\"\" width=\"200\" height=\"300\" srcset=\"http:\/\/www.klausenberg.com\/staging\/wp-content\/uploads\/2025\/03\/A3_08590_krijnde-200x300.jpg 200w, http:\/\/www.klausenberg.com\/staging\/wp-content\/uploads\/2025\/03\/A3_08590_krijnde-682x1024.jpg 682w, http:\/\/www.klausenberg.com\/staging\/wp-content\/uploads\/2025\/03\/A3_08590_krijnde-768x1153.jpg 768w, http:\/\/www.klausenberg.com\/staging\/wp-content\/uploads\/2025\/03\/A3_08590_krijnde-1023x1536.jpg 1023w, http:\/\/www.klausenberg.com\/staging\/wp-content\/uploads\/2025\/03\/A3_08590_krijnde.jpg 1364w\" sizes=\"(max-width: 200px) 100vw, 200px\" \/> <img loading=\"lazy\" decoding=\"async\" class=\"alignnone size-medium wp-image-423\" src=\"http:\/\/www.klausenberg.com\/staging\/wp-content\/uploads\/2025\/03\/A3_09174_krijnde-300x200.jpg\" alt=\"\" width=\"300\" height=\"200\" srcset=\"http:\/\/www.klausenberg.com\/staging\/wp-content\/uploads\/2025\/03\/A3_09174_krijnde-300x200.jpg 300w, http:\/\/www.klausenberg.com\/staging\/wp-content\/uploads\/2025\/03\/A3_09174_krijnde-1024x682.jpg 1024w, http:\/\/www.klausenberg.com\/staging\/wp-content\/uploads\/2025\/03\/A3_09174_krijnde-768x512.jpg 768w, http:\/\/www.klausenberg.com\/staging\/wp-content\/uploads\/2025\/03\/A3_09174_krijnde-1536x1023.jpg 1536w, http:\/\/www.klausenberg.com\/staging\/wp-content\/uploads\/2025\/03\/A3_09174_krijnde-450x300.jpg 450w, http:\/\/www.klausenberg.com\/staging\/wp-content\/uploads\/2025\/03\/A3_09174_krijnde.jpg 2048w\" sizes=\"(max-width: 300px) 100vw, 300px\" \/> <img loading=\"lazy\" decoding=\"async\" class=\"alignnone size-medium wp-image-424\" src=\"http:\/\/www.klausenberg.com\/staging\/wp-content\/uploads\/2025\/03\/A3_09410_krijnde-200x300.jpg\" alt=\"\" width=\"200\" height=\"300\" srcset=\"http:\/\/www.klausenberg.com\/staging\/wp-content\/uploads\/2025\/03\/A3_09410_krijnde-200x300.jpg 200w, http:\/\/www.klausenberg.com\/staging\/wp-content\/uploads\/2025\/03\/A3_09410_krijnde-682x1024.jpg 682w, http:\/\/www.klausenberg.com\/staging\/wp-content\/uploads\/2025\/03\/A3_09410_krijnde-768x1153.jpg 768w, http:\/\/www.klausenberg.com\/staging\/wp-content\/uploads\/2025\/03\/A3_09410_krijnde-1023x1536.jpg 1023w, http:\/\/www.klausenberg.com\/staging\/wp-content\/uploads\/2025\/03\/A3_09410_krijnde.jpg 1364w\" sizes=\"(max-width: 200px) 100vw, 200px\" \/><\/p>\n","protected":false},"excerpt":{"rendered":"<p>\u00c1s deckt 2025 auf dem Gest\u00fct Roderath \u00a0 \u00a0 \u00a0 \u00a0 \u00a0 \u00c1s fr\u00e1 Vis\u00edndahofi wird ab Ende Mai\/ Anfang Juni bis Mitte\/ Ende September 2025 auf dem Gest\u00fct Roderath in der Herde decken. F\u00fcr uns ist dieser Hengst ein &hellip; <a href=\"http:\/\/www.klausenberg.com\/staging\/?page_id=412\">Weiterlesen <span class=\"meta-nav\">&rarr;<\/span><\/a><\/p>\n","protected":false},"author":3,"featured_media":0,"parent":64,"menu_order":0,"comment_status":"closed","ping_status":"closed","template":"","meta":{"footnotes":""},"class_list":["post-412","page","type-page","status-publish","hentry"],"_links":{"self":[{"href":"http:\/\/www.klausenberg.com\/staging\/index.php?rest_route=\/wp\/v2\/pages\/412"}],"collection":[{"href":"http:\/\/www.klausenberg.com\/staging\/index.php?rest_route=\/wp\/v2\/pages"}],"about":[{"href":"http:\/\/www.klausenberg.com\/staging\/index.php?rest_route=\/wp\/v2\/types\/page"}],"author":[{"embeddable":true,"href":"http:\/\/www.klausenberg.com\/staging\/index.php?rest_route=\/wp\/v2\/users\/3"}],"replies":[{"embeddable":true,"href":"http:\/\/www.klausenberg.com\/staging\/index.php?rest_route=%2Fwp%2Fv2%2Fcomments&post=412"}],"version-history":[{"count":3,"href":"http:\/\/www.klausenberg.com\/staging\/index.php?rest_route=\/wp\/v2\/pages\/412\/revisions"}],"predecessor-version":[{"id":427,"href":"http:\/\/www.klausenberg.com\/staging\/index.php?rest_route=\/wp\/v2\/pages\/412\/revisions\/427"}],"up":[{"embeddable":true,"href":"http:\/\/www.klausenberg.com\/staging\/index.php?rest_route=\/wp\/v2\/pages\/64"}],"wp:attachment":[{"href":"http:\/\/www.klausenberg.com\/staging\/index.php?rest_route=%2Fwp%2Fv2%2Fmedia&parent=412"}],"curies":[{"name":"wp","href":"https:\/\/api.w.org\/{rel}","templated":true}]}}